{"id":997,"date":"2022-08-21T09:02:29","date_gmt":"2022-08-21T09:02:29","guid":{"rendered":"https:\/\/www.mariajesusalonso.com\/?page_id=997"},"modified":"2023-04-11T09:17:38","modified_gmt":"2023-04-11T09:17:38","slug":"formula-uoc","status":"publish","type":"page","link":"https:\/\/www.mariajesusalonso.com\/en\/formula-uoc\/","title":{"rendered":"Gaming to improve capturing"},"content":{"rendered":"<section id=\"section-0d1068cb-0fc9-4e34-b284-f159281f4593\" class=\"wp-block-gutentor-about-block gutentor-section gutentor-about about-template4 has-color-bg has-custom-bg\"><div class=\"grid-container\"><div class=\"gutentor-grid-item-wrap\"><div class=\"gutentor-single-item\"><div class=\"grid-row\"><div class=\"grid-md-6 about-grid\"><div class=\"gutentor-single-item-content\"><div class=\"gutentor-about-content\"><p class=\"gutentor-single-item-desc\">En un mercado cada vez m\u00e1s competitivo, es crucial que las empresas busquen maneras innovadoras de destacarse y atraer a nuevos clientes. Una forma efectiva de hacerlo es a trav\u00e9s de la creaci\u00f3n de juegos interactivos que involucren a los usuarios y les permitan conocer m\u00e1s sobre la marca y los servicios que ofrece.<br>Con este objetivo en mente, nuestra empresa decidi\u00f3 crear un juego en l\u00ednea que permitiera a los usuarios descubrir cu\u00e1l era su perfil profesional y qu\u00e9 estudios necesitaban para mejorarlo. El juego fue dise\u00f1ado para ser divertido y entretenido, al mismo tiempo que ofrec\u00eda informaci\u00f3n \u00fatil y relevante sobre nuestra empresa y su \u00e1rea de especializaci\u00f3n.<br>Al promocionar este juego a trav\u00e9s de nuestros canales de marketing digital, logramos aumentar la notoriedad de nuestra marca y atraer a un gran n\u00famero de usuarios interesados en descubrir m\u00e1s sobre su perfil profesional y las posibilidades de mejorar su formaci\u00f3n. Adem\u00e1s, al final del juego, los usuarios recib\u00edan una recomendaci\u00f3n personalizada de estudios y programas de capacitaci\u00f3n que podr\u00edan ayudarles a avanzar en sus carreras.<br>Esta estrategia de marketing fue un \u00e9xito rotundo, y nos permiti\u00f3 aumentar significativamente nuestra base de clientes y mejorar nuestra reputaci\u00f3n en el mercado. Al ofrecer un valor a\u00f1adido a los usuarios a trav\u00e9s de un juego interactivo y educativo, pudimos diferenciarnos de la competencia y aumentar nuestra presencia en l\u00ednea. En definitiva, esta iniciativa demostr\u00f3 que la innovaci\u00f3n y la creatividad pueden ser herramientas muy poderosas para el \u00e9xito de una empresa en el mercado actual.<br><br><mark style=\"background-color:#3dfde9\" class=\"has-inline-color has-black-color\"><a href=\"https:\/\/www.mariajesusalonso.com\/en\/#portfolio\">&lt;&lt; volver<\/a><\/mark><br><\/p><\/div><\/div><\/div><div class=\"grid-md-6 about-grid\"><div class=\"gutentor-single-item-image-box\"><div class=\"gutentor-image-thumb\"><img fetchpriority=\"high\" decoding=\"async\" class=\"normal-image\" src=\"https:\/\/www.mariajesusalonso.com\/wp-content\/uploads\/2022\/09\/formula-UOC-2.jpg\" alt=\"\" height=\"736\" width=\"800\" \/><\/div><\/div><\/div><\/div><\/div><\/div><\/div><\/section>","protected":false},"excerpt":{"rendered":"","protected":false},"author":1,"featured_media":0,"parent":0,"menu_order":0,"comment_status":"closed","ping_status":"closed","template":"","meta":{"footnotes":""},"class_list":["post-997","page","type-page","status-publish","hentry"],"aioseo_notices":[],"_links":{"self":[{"href":"https:\/\/www.mariajesusalonso.com\/en\/wp-json\/wp\/v2\/pages\/997","targetHints":{"allow":["GET"]}}],"collection":[{"href":"https:\/\/www.mariajesusalonso.com\/en\/wp-json\/wp\/v2\/pages"}],"about":[{"href":"https:\/\/www.mariajesusalonso.com\/en\/wp-json\/wp\/v2\/types\/page"}],"author":[{"embeddable":true,"href":"https:\/\/www.mariajesusalonso.com\/en\/wp-json\/wp\/v2\/users\/1"}],"replies":[{"embeddable":true,"href":"https:\/\/www.mariajesusalonso.com\/en\/wp-json\/wp\/v2\/comments?post=997"}],"version-history":[{"count":13,"href":"https:\/\/www.mariajesusalonso.com\/en\/wp-json\/wp\/v2\/pages\/997\/revisions"}],"predecessor-version":[{"id":1667,"href":"https:\/\/www.mariajesusalonso.com\/en\/wp-json\/wp\/v2\/pages\/997\/revisions\/1667"}],"wp:attachment":[{"href":"https:\/\/www.mariajesusalonso.com\/en\/wp-json\/wp\/v2\/media?parent=997"}],"curies":[{"name":"wp","href":"https:\/\/api.w.org\/{rel}","templated":true}]}}