{"id":801,"date":"2022-08-20T11:43:22","date_gmt":"2022-08-20T11:43:22","guid":{"rendered":"https:\/\/www.mariajesusalonso.com\/?page_id=801"},"modified":"2024-02-03T09:16:00","modified_gmt":"2024-02-03T09:16:00","slug":"801-2","status":"publish","type":"page","link":"https:\/\/www.mariajesusalonso.com\/en\/","title":{"rendered":"Digital Marketing, Digital Identity, Web Project Management."},"content":{"rendered":"<hr class=\"wp-block-separator has-text-color has-white-color has-alpha-channel-opacity has-white-background-color has-background is-style-default\" id=\"sobre-mi\"\/>\n\n\n\n<section id=\"section-1d7314ba-f852-4084-a46d-9684dd34c2b1\" class=\"wp-block-gutentor-divider section-1d7314ba-f852-4084-a46d-9684dd34c2b1 gutentor-element gutentor-section gutentor-divider text-center\"><div class=\"grid-container\"><div class=\"gutentor-divider-box\"><span><svg xmlns=\"http:\/\/www.w3.org\/2000\/svg\" viewbox=\"0 0 240 40\" preserveaspectratio=\"none\"><path d=\"M56.2 20c5.3-.1 10.6-.2 16-.3l16-.2c10.6-.1 21.3-.1 31.9-.2 10.6.1 21.3 0 31.9.1l16 .2c5.3.1 10.6.2 16 .3-5.3.1-10.6.2-16 .3l-16 .2c-10.6.1-21.3.1-31.9.1-10.6-.1-21.3 0-31.9-.2l-16-.2c-5.4.1-10.7 0-16-.1z\"><\/path><\/svg><\/span><\/div><\/div><\/section>\n\n\n\n<section id=\"section-961c6d77-23bd-477c-aa41-f58e500b262c\" class=\"wp-block-gutentor-about-block gutentor-section gutentor-about about-template1\"><div class=\"grid-container\"><div class=\"gutentor-block-header\"><div class=\"gutentor-section-title enable-title-design seperator-top text-center\"><h1 class=\"gutentor-title\">About<\/h1><\/div><\/div><div class=\"gutentor-grid-item-wrap wow animated slideInLeft\" data-wow-animation=\"slideInLeft\" data-wow-iteration=\"1\"><div class=\"gutentor-single-item\"><div class=\"grid-row\"><div class=\"grid-md-6 about-grid\"><div class=\"gutentor-single-item-image-box\"><div class=\"gutentor-image-thumb\"><img fetchpriority=\"high\" decoding=\"async\" class=\"normal-image\" src=\"http:\/\/www.mariajesusalonso.com\/wp-content\/uploads\/2022\/08\/Captura.jpg\" alt=\"\" height=\"327\" width=\"352\" \/><\/div><\/div><\/div><div class=\"grid-md-6 about-grid\"><div class=\"gutentor-single-item-content\"><div class=\"gutentor-about-content\"><p class=\"gutentor-single-item-desc translation-block\">I am Mar\u00eda Jes\u00fas Alonso and I have a degree in ITM (Market Research and Techniques) and in Business Administration, as well as<br> Postgraduate in Social Media Strategy, Strategic Marketing and Web Project Management.<br><br>\n\nPassionate about Marketing and digital transformation, I am a lover of data and I like things to happen, but\nI also think strategically<br> and creatively.<br><br>\n\nThe fact of having combined my work life with my studies has helped me to be a versatile and organized person.<br><br>\n\nDuring my career I have been able to create and manage the digital identity of brands, create, design and maintain websites, organize<br>\nevents and offline actions, as well as developing offline and online advertising campaigns, which allows me to have a vision\nholistic view<br> of how a marketing and communication strategy should be.<br><br>\nI consider myself involved, committed, versatile, restless, analytical and I like to think \"out of the box\".<br><br>\nDo we contact? <a href=\"mailto:m.jesus.alonso@gmail.com\" target=\"_blank\" rel=\"noreferrer noopener\">m.jesus.alonso@gmail.com<\/a><br><br><\/p><a class=\"gutentor-button gutentor-single-item-button gutentor-icon-hide\" href=\"https:\/\/www.linkedin.com\/in\/mariajesusalonso\/\" target=\"_blank\" rel=\"noopener\"><i class=\"gutentor-button-icon fas fa-book\"><\/i><span>Read more<\/span><\/a><\/div><\/div><\/div><\/div><\/div><\/div><\/div><\/section>\n\n\n\n<hr class=\"wp-block-separator has-text-color has-white-color has-alpha-channel-opacity has-white-background-color has-background is-style-default\" id=\"experiencia-formacion\"\/>\n\n\n\n<section id=\"section-2f9858b5-5300-4bfc-8084-fc74726b5ff8\" class=\"wp-block-gutentor-divider section-2f9858b5-5300-4bfc-8084-fc74726b5ff8 gutentor-element gutentor-section gutentor-divider text-center\"><div class=\"grid-container\"><div class=\"gutentor-divider-box\"><span><svg xmlns=\"http:\/\/www.w3.org\/2000\/svg\" viewbox=\"0 0 240 40\" preserveaspectratio=\"none\"><path d=\"M56.2 20c5.3-.1 10.6-.2 16-.3l16-.2c10.6-.1 21.3-.1 31.9-.2 10.6.1 21.3 0 31.9.1l16 .2c5.3.1 10.6.2 16 .3-5.3.1-10.6.2-16 .3l-16 .2c-10.6.1-21.3.1-31.9.1-10.6-.1-21.3 0-31.9-.2l-16-.2c-5.4.1-10.7 0-16-.1z\"><\/path><\/svg><\/span><\/div><\/div><\/section>\n\n\n\n<section id=\"section-6017bd7b-4a0f-4860-8a75-ce90813dca3b\" class=\"wp-block-gutentor-timeline alignwide gutentor-section gutentor-timeline cssanimations timeline-template1 wow animated slideInLeft\" data-wow-animation=\"slideInLeft\" data-wow-iteration=\"1\"><div class=\"grid-container gutentor-rm-ct-space-d\"><div class=\"gutentor-block-header\"><div class=\"gutentor-section-title enable-title-design seperator-bottom text-center\"><h2 class=\"gutentor-title\">Experiencia<\/h2><\/div><\/div><div class=\"gutentor-grid-item-wrap wow animated slideInLeft\" data-wow-animation=\"slideInLeft\" data-wow-iteration=\"1\"><div class=\"gutentor-timeline-wrapper\"><div class=\"gutentor-single-item gutentor-single-item-0 gutentor-even\"><div class=\"gutentor-timeline-item\"><div class=\"gutentor-single-item-wrap\"><div class=\"gutentor-timeline-item-circle\"><\/div><div class=\"gutentor-single-item-wrapper\"><div class=\"gutentor-single-item-content gutentor-timeline-item-content\"><div class=\"gutentor-timeline-item-org-title\"><h5 class=\"gutentor-timeline-item-heading-name\"><img decoding=\"async\" width=\"107\" height=\"86\" class=\"wp-image-1474 lazyload\" style=\"--smush-placeholder-width: 107px; --smush-placeholder-aspect-ratio: 107\/86;width: 50px\" data-src=\"https:\/\/www.mariajesusalonso.com\/wp-content\/uploads\/2023\/04\/logo-memora.png\" alt=\"\" data-srcset=\"https:\/\/www.mariajesusalonso.com\/wp-content\/uploads\/2023\/04\/logo-memora.png 107w, https:\/\/www.mariajesusalonso.com\/wp-content\/uploads\/2023\/04\/logo-memora-15x12.png 15w\" data-sizes=\"(max-width: 107px) 100vw, 107px\" src=\"data:image\/svg+xml;base64,PHN2ZyB3aWR0aD0iMSIgaGVpZ2h0PSIxIiB4bWxucz0iaHR0cDovL3d3dy53My5vcmcvMjAwMC9zdmciPjwvc3ZnPg==\" \/><br>M\u00e9mora<\/h5><h5 class=\"gutentor-timeline-item-duration\">Feb. 2023 &#8211; actualidad<\/h5><\/div><h3 class=\"gutentor-single-item-title\">Senior Digital Manager<\/h3><p class=\"gutentor-single-item-desc\">Conceptualizaci\u00f3n estrat\u00e9gica y mantenimiento de webs.<br>Implementaci\u00f3n medici\u00f3n campa\u00f1as publicitarias.<br>Implementaci\u00f3n estrategia publicitaria.<\/p><\/div><\/div><\/div><\/div><\/div><div class=\"gutentor-single-item gutentor-single-item-1 gutentor-odd\"><div class=\"gutentor-timeline-item\"><div class=\"gutentor-single-item-wrap\"><div class=\"gutentor-timeline-item-circle\"><\/div><div class=\"gutentor-single-item-wrapper\"><div class=\"gutentor-single-item-content gutentor-timeline-item-content\"><div class=\"gutentor-timeline-item-org-title\"><h5 class=\"gutentor-timeline-item-heading-name\"><img decoding=\"async\" width=\"110\" height=\"111\" class=\"wp-image-962 lazyload\" style=\"--smush-placeholder-width: 110px; --smush-placeholder-aspect-ratio: 110\/111;width: 50px\" data-src=\"https:\/\/www.mariajesusalonso.com\/wp-content\/uploads\/2022\/08\/coachability.jpg\" alt=\"Coachability Foundation\" src=\"data:image\/svg+xml;base64,PHN2ZyB3aWR0aD0iMSIgaGVpZ2h0PSIxIiB4bWxucz0iaHR0cDovL3d3dy53My5vcmcvMjAwMC9zdmciPjwvc3ZnPg==\"><br>Coachability Foundation<\/h5><h5 class=\"gutentor-timeline-item-duration\">Jul 2022<br><br><\/h5><\/div><h3 class=\"gutentor-single-item-title\">Marketing (volunteering)<\/h3><p class=\"gutentor-single-item-desc\">Evolution of the use of social networks and the web as a fundraising element.<\/p><\/div><\/div><\/div><\/div><\/div><div class=\"gutentor-single-item gutentor-single-item-2 gutentor-even\"><div class=\"gutentor-timeline-item\"><div class=\"gutentor-single-item-wrap\"><div class=\"gutentor-timeline-item-circle\"><\/div><div class=\"gutentor-single-item-wrapper\"><div class=\"gutentor-single-item-content gutentor-timeline-item-content\"><div class=\"gutentor-timeline-item-org-title\"><h5 class=\"gutentor-timeline-item-heading-name\">                                                                                <a href=\"https:\/\/www.uoc.edu\/portal\/es\/index.html\" target=\"_blank\" rel=\"noreferrer noopener\"><img decoding=\"async\" width=\"243\" height=\"181\" class=\"wp-image-1104 lazyload\" style=\"--smush-placeholder-width: 243px; --smush-placeholder-aspect-ratio: 243\/181;width: 50px\" data-src=\"http:\/\/www.mariajesusalonso.com\/wp-content\/uploads\/2022\/08\/logo-uoc.jpg\" alt=\"\" src=\"data:image\/svg+xml;base64,PHN2ZyB3aWR0aD0iMSIgaGVpZ2h0PSIxIiB4bWxucz0iaHR0cDovL3d3dy53My5vcmcvMjAwMC9zdmciPjwvc3ZnPg==\"><\/a><br>UOC<\/h5><h5 class=\"gutentor-timeline-item-duration\">2009 &#8211; 2022<\/h5><\/div><h3 class=\"gutentor-single-item-title\">Marketing Digital<\/h3><p class=\"gutentor-single-item-desc translation-block\">Design and supervision of the Marketing plan for both Spain and Latam.<br>Control and management of the assigned budget.<br>Development and monitoring of actions through the different defined KPI's.<br>Coordination of the different advertising agencies and stakeholders.<br>Social Media Manager of UOCx and FPjesu\u00eftes.<br>Monitoring the online climate of the brand and managing the actions to be carried out in the event of a crisis.<\/p><\/div><\/div><\/div><\/div><\/div><div class=\"gutentor-single-item gutentor-single-item-3 gutentor-odd\"><div class=\"gutentor-timeline-item\"><div class=\"gutentor-single-item-wrap\"><div class=\"gutentor-timeline-item-circle\"><\/div><div class=\"gutentor-single-item-wrapper\"><div class=\"gutentor-single-item-content gutentor-timeline-item-content\"><div class=\"gutentor-timeline-item-org-title\"><h5 class=\"gutentor-timeline-item-heading-name\"><a href=\"https:\/\/www.bsm.upf.edu\/\" target=\"_blank\" rel=\"noreferrer noopener\"><img decoding=\"async\" width=\"142\" height=\"48\" class=\"wp-image-1116 lazyload\" style=\"--smush-placeholder-width: 142px; --smush-placeholder-aspect-ratio: 142\/48;width: 100px\" data-src=\"http:\/\/www.mariajesusalonso.com\/wp-content\/uploads\/2022\/08\/idec-logo.jpg\" alt=\"\" src=\"data:image\/svg+xml;base64,PHN2ZyB3aWR0aD0iMSIgaGVpZ2h0PSIxIiB4bWxucz0iaHR0cDovL3d3dy53My5vcmcvMjAwMC9zdmciPjwvc3ZnPg==\"><\/a><br>UPF<\/h5><h5 class=\"gutentor-timeline-item-duration\">2010<\/h5><\/div><h3 class=\"gutentor-single-item-title\">Teacher<\/h3><p class=\"gutentor-single-item-desc\">Teaching collaborator of the course \"Corporate Reputation Management\" as an expert in monitoring the online climate of brands.<\/p><\/div><\/div><\/div><\/div><\/div><div class=\"gutentor-single-item gutentor-single-item-4 gutentor-even\"><div class=\"gutentor-timeline-item\"><div class=\"gutentor-single-item-wrap\"><div class=\"gutentor-timeline-item-circle\"><\/div><div class=\"gutentor-single-item-wrapper\"><div class=\"gutentor-single-item-content gutentor-timeline-item-content\"><div class=\"gutentor-timeline-item-org-title\"><h5 class=\"gutentor-timeline-item-heading-name\"><a href=\"https:\/\/www.base.net\/\"><img decoding=\"async\" width=\"108\" height=\"107\" class=\"wp-image-1107 lazyload\" style=\"--smush-placeholder-width: 108px; --smush-placeholder-aspect-ratio: 108\/107;width: 50px\" data-src=\"http:\/\/www.mariajesusalonso.com\/wp-content\/uploads\/2022\/08\/logo-base2.jpg\" alt=\"\" src=\"data:image\/svg+xml;base64,PHN2ZyB3aWR0aD0iMSIgaGVpZ2h0PSIxIiB4bWxucz0iaHR0cDovL3d3dy53My5vcmcvMjAwMC9zdmciPjwvc3ZnPg==\"><\/a><br>base: Detall-sport<\/h5><h5 class=\"gutentor-timeline-item-duration\">2006 &#8211; 2009<\/h5><\/div><h3 class=\"gutentor-single-item-title\">Marketing<\/h3><p class=\"gutentor-single-item-desc translation-block\">Design and supervision of the implementation plan for the brand's presence on the Internet (new website and creation of social spaces).<br>Control of the assigned budget.<br>Management and coordination of the different agencies.<br>Design and supervision of advertising actions at points of sale.<br><\/p><\/div><\/div><\/div><\/div><\/div><div class=\"gutentor-single-item gutentor-single-item-5 gutentor-odd\"><div class=\"gutentor-timeline-item\"><div class=\"gutentor-single-item-wrap\"><div class=\"gutentor-timeline-item-circle\"><\/div><div class=\"gutentor-single-item-wrapper\"><div class=\"gutentor-single-item-content gutentor-timeline-item-content\"><div class=\"gutentor-timeline-item-org-title\"><h5 class=\"gutentor-timeline-item-heading-name\"><\/h5><h5 class=\"gutentor-timeline-item-duration\"><\/h5><\/div><h3 class=\"gutentor-single-item-title\"><a href=\"https:\/\/www.mariajesusalonso.com\/en\/experiencia\/\">M\u00e1s<\/a><\/h3><p class=\"gutentor-single-item-desc\"><\/p><\/div><\/div><\/div><\/div><\/div><\/div><\/div><\/div><\/section>\n\n\n\n<hr class=\"wp-block-separator has-text-color has-white-color has-alpha-channel-opacity has-white-background-color has-background\" id=\"portfolio\"\/>\n\n\n\n<section id=\"section-ba62d98c-1242-4573-8954-036624d38890\" class=\"wp-block-gutentor-divider section-ba62d98c-1242-4573-8954-036624d38890 gutentor-element gutentor-section gutentor-divider text-center\"><div class=\"grid-container\"><div class=\"gutentor-divider-box\"><span><svg xmlns=\"http:\/\/www.w3.org\/2000\/svg\" viewbox=\"0 0 240 40\" preserveaspectratio=\"none\"><path d=\"M56.2 20c5.3-.1 10.6-.2 16-.3l16-.2c10.6-.1 21.3-.1 31.9-.2 10.6.1 21.3 0 31.9.1l16 .2c5.3.1 10.6.2 16 .3-5.3.1-10.6.2-16 .3l-16 .2c-10.6.1-21.3.1-31.9.1-10.6-.1-21.3 0-31.9-.2l-16-.2c-5.4.1-10.7 0-16-.1z\"><\/path><\/svg><\/span><\/div><\/div><\/section>\n\n\n\n<section id=\"section-db3bc049-7e47-447b-b4a1-6c24a9660a7d\" class=\"wp-block-gutentor-gallery gutentor-section gutentor-gallery gutentor-gallery-wrapper enable-masonry gallery-template1 has-color-bg has-custom-bg wow animated slideInRight  d-md-none d-lg-block\" data-wow-animation=\"slideInRight\"><div class=\"grid-container\"><div class=\"gutentor-block-header\"><div class=\"gutentor-section-title enable-title-design seperator-bottom text-center\"><h2 class=\"gutentor-title\">Portfolio<\/h2><\/div><\/div><div class=\"grid-row gutentor-grid-item-wrap full-width-row wow animated fadeIn\" data-wow-animation=\"fadeIn\" data-wow-iteration=\"1\"><div class=\"gutentor-gallery-item grid-lg-4 grid-md-4 grid-12\"><div class=\"gutentor-single-item gutentor-image gutentor-single-item-0 g-single-column-link-enabled\"><div class=\"gutentor-gallery-item-wrap\"><div class=\"gutentor-single-item-image-box\"><div class=\"gutentor-image-thumb\"><img decoding=\"async\" class=\"normal-image lazyload\" data-src=\"http:\/\/www.mariajesusalonso.com\/wp-content\/uploads\/2022\/08\/xuan3.jpeg\" alt=\"\" height=\"1504\" width=\"1536\" src=\"data:image\/svg+xml;base64,PHN2ZyB3aWR0aD0iMSIgaGVpZ2h0PSIxIiB4bWxucz0iaHR0cDovL3d3dy53My5vcmcvMjAwMC9zdmciPjwvc3ZnPg==\" style=\"--smush-placeholder-width: 1536px; --smush-placeholder-aspect-ratio: 1536\/1504;\" \/><\/div><\/div><div class=\"gutentor-single-item-content\"><div class=\"gutentor-gallery-item-header\"><h3 class=\"gutentor-single-item-title\">Influencers<\/h3><a href=\"http:\/\/www.mariajesusalonso.com\/wp-content\/uploads\/2022\/08\/xuan3.jpeg\" class=\"image-gallery\"><i class=\"gallery-icon fas fa-plus-circle\"><\/i><\/a><\/div><div class=\"gutentor-gallery-item-desc\"><\/div><\/div><\/div><a class=\"gutentor-single-item-box-link gutentor-link\" href=\"https:\/\/www.mariajesusalonso.com\/en\/influencers\/\" target=\"_blank\" rel=\"noopener noreferrer\"><\/a><\/div><\/div><div class=\"gutentor-gallery-item grid-lg-4 grid-md-4 grid-12\"><div class=\"gutentor-single-item gutentor-image gutentor-single-item-1 g-single-column-link-enabled\"><div class=\"gutentor-gallery-item-wrap\"><div class=\"gutentor-single-item-image-box\"><div class=\"gutentor-image-thumb\"><img decoding=\"async\" class=\"normal-image lazyload\" data-src=\"http:\/\/www.mariajesusalonso.com\/wp-content\/uploads\/2022\/08\/adsmurai.jpg\" alt=\"\" height=\"683\" width=\"1106\" src=\"data:image\/svg+xml;base64,PHN2ZyB3aWR0aD0iMSIgaGVpZ2h0PSIxIiB4bWxucz0iaHR0cDovL3d3dy53My5vcmcvMjAwMC9zdmciPjwvc3ZnPg==\" style=\"--smush-placeholder-width: 1106px; --smush-placeholder-aspect-ratio: 1106\/683;\" \/><\/div><\/div><div class=\"gutentor-single-item-content\"><div class=\"gutentor-gallery-item-header\"><h3 class=\"gutentor-single-item-title\">Social Media &#8211; Case Study <\/h3><a href=\"http:\/\/www.mariajesusalonso.com\/wp-content\/uploads\/2022\/08\/adsmurai.jpg\" class=\"image-gallery\"><i class=\"gallery-icon fas fa-plus-circle\"><\/i><\/a><\/div><div class=\"gutentor-gallery-item-desc\"><\/div><\/div><\/div><a class=\"gutentor-single-item-box-link gutentor-link\" href=\"https:\/\/www.mariajesusalonso.com\/en\/caso-exito-rrss\/\" target=\"_blank\" rel=\"noopener noreferrer\"><\/a><\/div><\/div><div class=\"gutentor-gallery-item grid-lg-4 grid-md-4 grid-12\"><div class=\"gutentor-single-item gutentor-image gutentor-single-item-2 g-single-column-link-enabled\"><div class=\"gutentor-gallery-item-wrap\"><div class=\"gutentor-single-item-image-box\"><div class=\"gutentor-image-thumb\"><img decoding=\"async\" class=\"normal-image lazyload\" data-src=\"http:\/\/www.mariajesusalonso.com\/wp-content\/uploads\/2022\/08\/chatbot.jpg\" alt=\"\" height=\"507\" width=\"253\" src=\"data:image\/svg+xml;base64,PHN2ZyB3aWR0aD0iMSIgaGVpZ2h0PSIxIiB4bWxucz0iaHR0cDovL3d3dy53My5vcmcvMjAwMC9zdmciPjwvc3ZnPg==\" style=\"--smush-placeholder-width: 253px; --smush-placeholder-aspect-ratio: 253\/507;\" \/><\/div><\/div><div class=\"gutentor-single-item-content\"><div class=\"gutentor-gallery-item-header\"><h3 class=\"gutentor-single-item-title\">Chatbot<\/h3><a href=\"http:\/\/www.mariajesusalonso.com\/wp-content\/uploads\/2022\/08\/chatbot.jpg\" class=\"image-gallery\"><i class=\"gallery-icon fas fa-plus-circle\"><\/i><\/a><\/div><div class=\"gutentor-gallery-item-desc\"><\/div><\/div><\/div><a class=\"gutentor-single-item-box-link gutentor-link\" href=\"https:\/\/www.mariajesusalonso.com\/en\/chatbot\/\" target=\"_blank\" rel=\"noopener noreferrer\"><\/a><\/div><\/div><div class=\"gutentor-gallery-item grid-lg-4 grid-md-4 grid-12\"><div class=\"gutentor-single-item gutentor-image gutentor-single-item-3 g-single-column-link-enabled\"><div class=\"gutentor-gallery-item-wrap\"><div class=\"gutentor-single-item-image-box\"><div class=\"gutentor-image-thumb\"><img decoding=\"async\" class=\"normal-image lazyload\" data-src=\"http:\/\/www.mariajesusalonso.com\/wp-content\/uploads\/2022\/08\/inbound.jpg\" alt=\"\" height=\"328\" width=\"214\" src=\"data:image\/svg+xml;base64,PHN2ZyB3aWR0aD0iMSIgaGVpZ2h0PSIxIiB4bWxucz0iaHR0cDovL3d3dy53My5vcmcvMjAwMC9zdmciPjwvc3ZnPg==\" style=\"--smush-placeholder-width: 214px; --smush-placeholder-aspect-ratio: 214\/328;\" \/><\/div><\/div><div class=\"gutentor-single-item-content\"><div class=\"gutentor-gallery-item-header\"><h3 class=\"gutentor-single-item-title\">Inbound<\/h3><a href=\"http:\/\/www.mariajesusalonso.com\/wp-content\/uploads\/2022\/08\/inbound.jpg\" class=\"image-gallery\"><i class=\"gallery-icon fas fa-plus-circle\"><\/i><\/a><\/div><div class=\"gutentor-gallery-item-desc\"><\/div><\/div><\/div><a class=\"gutentor-single-item-box-link gutentor-link\" href=\"https:\/\/www.mariajesusalonso.com\/en\/inbound\/\" target=\"_blank\" rel=\"noopener noreferrer\"><\/a><\/div><\/div><div class=\"gutentor-gallery-item grid-lg-4 grid-md-4 grid-12\"><div class=\"gutentor-single-item gutentor-image gutentor-single-item-4 g-single-column-link-enabled\"><div class=\"gutentor-gallery-item-wrap\"><div class=\"gutentor-single-item-image-box\"><div class=\"gutentor-image-thumb\"><img decoding=\"async\" class=\"normal-image lazyload\" data-src=\"https:\/\/www.mariajesusalonso.com\/wp-content\/uploads\/2022\/08\/base10-1.jpg\" alt=\"\" height=\"151\" width=\"164\" src=\"data:image\/svg+xml;base64,PHN2ZyB3aWR0aD0iMSIgaGVpZ2h0PSIxIiB4bWxucz0iaHR0cDovL3d3dy53My5vcmcvMjAwMC9zdmciPjwvc3ZnPg==\" style=\"--smush-placeholder-width: 164px; --smush-placeholder-aspect-ratio: 164\/151;\" \/><\/div><\/div><div class=\"gutentor-single-item-content\"><div class=\"gutentor-gallery-item-header\"><h3 class=\"gutentor-single-item-title\">Web base:<\/h3><a href=\"https:\/\/www.mariajesusalonso.com\/wp-content\/uploads\/2022\/08\/base10-1.jpg\" class=\"image-gallery\"><i class=\"gallery-icon fas fa-plus-circle\"><\/i><\/a><\/div><div class=\"gutentor-gallery-item-desc\"><\/div><\/div><\/div><a class=\"gutentor-single-item-box-link gutentor-link\" href=\"https:\/\/www.mariajesusalonso.com\/en\/base\/\" target=\"_blank\" rel=\"noopener noreferrer\"><\/a><\/div><\/div><div class=\"gutentor-gallery-item grid-lg-4 grid-md-4 grid-12\"><div class=\"gutentor-single-item gutentor-image gutentor-single-item-5 g-single-column-link-enabled\"><div class=\"gutentor-gallery-item-wrap\"><div class=\"gutentor-single-item-image-box\"><div class=\"gutentor-image-thumb\"><img decoding=\"async\" class=\"normal-image lazyload\" data-src=\"http:\/\/www.mariajesusalonso.com\/wp-content\/uploads\/2022\/08\/Formula-UOC.jpg\" alt=\"\" height=\"316\" width=\"350\" src=\"data:image\/svg+xml;base64,PHN2ZyB3aWR0aD0iMSIgaGVpZ2h0PSIxIiB4bWxucz0iaHR0cDovL3d3dy53My5vcmcvMjAwMC9zdmciPjwvc3ZnPg==\" style=\"--smush-placeholder-width: 350px; --smush-placeholder-aspect-ratio: 350\/316;\" \/><\/div><\/div><div class=\"gutentor-single-item-content\"><div class=\"gutentor-gallery-item-header\"><h3 class=\"gutentor-single-item-title\">Gaming<\/h3><a href=\"http:\/\/www.mariajesusalonso.com\/wp-content\/uploads\/2022\/08\/Formula-UOC.jpg\" class=\"image-gallery\"><i class=\"gallery-icon fas fa-plus-circle\"><\/i><\/a><\/div><div class=\"gutentor-gallery-item-desc\"><\/div><\/div><\/div><a class=\"gutentor-single-item-box-link gutentor-link\" href=\"https:\/\/www.mariajesusalonso.com\/en\/formula-uoc\/\" target=\"_blank\" rel=\"noopener noreferrer\"><\/a><\/div><\/div><div class=\"gutentor-gallery-item grid-lg-4 grid-md-4 grid-12\"><div class=\"gutentor-single-item gutentor-image gutentor-single-item-6 g-single-column-link-enabled\"><div class=\"gutentor-gallery-item-wrap\"><div class=\"gutentor-single-item-image-box\"><div class=\"gutentor-image-thumb\"><img decoding=\"async\" class=\"normal-image lazyload\" data-src=\"https:\/\/www.mariajesusalonso.com\/wp-content\/uploads\/2022\/08\/claret-1.jpg\" alt=\"\" height=\"209\" width=\"148\" src=\"data:image\/svg+xml;base64,PHN2ZyB3aWR0aD0iMSIgaGVpZ2h0PSIxIiB4bWxucz0iaHR0cDovL3d3dy53My5vcmcvMjAwMC9zdmciPjwvc3ZnPg==\" style=\"--smush-placeholder-width: 148px; --smush-placeholder-aspect-ratio: 148\/209;\" \/><\/div><\/div><div class=\"gutentor-single-item-content\"><div class=\"gutentor-gallery-item-header\"><h3 class=\"gutentor-single-item-title\">Hoquei Claret<\/h3><a href=\"https:\/\/www.mariajesusalonso.com\/wp-content\/uploads\/2022\/08\/claret-1.jpg\" class=\"image-gallery\"><i class=\"gallery-icon fas fa-plus-circle\"><\/i><\/a><\/div><div class=\"gutentor-gallery-item-desc\"><\/div><\/div><\/div><a class=\"gutentor-single-item-box-link gutentor-link\" href=\"https:\/\/www.mariajesusalonso.com\/en\/web-hoquei-claret\/\" target=\"_blank\" rel=\"noopener noreferrer\"><\/a><\/div><\/div><div class=\"gutentor-gallery-item grid-lg-4 grid-md-4 grid-12\"><div class=\"gutentor-single-item gutentor-image gutentor-single-item-7 g-single-column-link-enabled\"><div class=\"gutentor-gallery-item-wrap\"><div class=\"gutentor-single-item-image-box\"><div class=\"gutentor-image-thumb\"><img decoding=\"async\" class=\"normal-image lazyload\" data-src=\"http:\/\/www.mariajesusalonso.com\/wp-content\/uploads\/2022\/08\/blogs-uoc.jpg\" alt=\"\" height=\"596\" width=\"1156\" src=\"data:image\/svg+xml;base64,PHN2ZyB3aWR0aD0iMSIgaGVpZ2h0PSIxIiB4bWxucz0iaHR0cDovL3d3dy53My5vcmcvMjAwMC9zdmciPjwvc3ZnPg==\" style=\"--smush-placeholder-width: 1156px; --smush-placeholder-aspect-ratio: 1156\/596;\" \/><\/div><\/div><div class=\"gutentor-single-item-content\"><div class=\"gutentor-gallery-item-header\"><h3 class=\"gutentor-single-item-title\">blogs UOC<\/h3><a href=\"http:\/\/www.mariajesusalonso.com\/wp-content\/uploads\/2022\/08\/blogs-uoc.jpg\" class=\"image-gallery\"><i class=\"gallery-icon fas fa-plus-circle\"><\/i><\/a><\/div><div class=\"gutentor-gallery-item-desc\"><\/div><\/div><\/div><a class=\"gutentor-single-item-box-link gutentor-link\" href=\"https:\/\/www.mariajesusalonso.com\/en\/blogs-uoc\/\" target=\"_blank\" rel=\"noopener noreferrer\"><\/a><\/div><\/div><div class=\"gutentor-gallery-item grid-lg-4 grid-md-4 grid-12\"><div class=\"gutentor-single-item gutentor-image gutentor-single-item-8 g-single-column-link-enabled\"><div class=\"gutentor-gallery-item-wrap\"><div class=\"gutentor-single-item-image-box\"><div class=\"gutentor-image-thumb\"><img decoding=\"async\" class=\"normal-image lazyload\" data-src=\"http:\/\/www.mariajesusalonso.com\/wp-content\/uploads\/2022\/08\/innosfera.jpg\" alt=\"\" height=\"92\" width=\"266\" src=\"data:image\/svg+xml;base64,PHN2ZyB3aWR0aD0iMSIgaGVpZ2h0PSIxIiB4bWxucz0iaHR0cDovL3d3dy53My5vcmcvMjAwMC9zdmciPjwvc3ZnPg==\" style=\"--smush-placeholder-width: 266px; --smush-placeholder-aspect-ratio: 266\/92;\" \/><\/div><\/div><div class=\"gutentor-single-item-content\"><div class=\"gutentor-gallery-item-header\"><h3 class=\"gutentor-single-item-title\"> Innosfera <\/h3><a href=\"http:\/\/www.mariajesusalonso.com\/wp-content\/uploads\/2022\/08\/innosfera.jpg\" class=\"image-gallery\"><i class=\"gallery-icon fas fa-plus-circle\"><\/i><\/a><\/div><div class=\"gutentor-gallery-item-desc\"><\/div><\/div><\/div><a class=\"gutentor-single-item-box-link gutentor-link\" href=\"https:\/\/www.mariajesusalonso.com\/en\/innosfera\/\" target=\"_blank\" rel=\"noopener noreferrer\"><\/a><\/div><\/div><\/div><\/div><\/section>","protected":false},"excerpt":{"rendered":"<p>Experta en marketing y transformaci\u00f3n digital con una s\u00f3lida experiencia en campa\u00f1as publicitarias, identidad digital, direcci\u00f3n de proyectos web.<\/p>","protected":false},"author":1,"featured_media":0,"parent":0,"menu_order":0,"comment_status":"closed","ping_status":"closed","template":"","meta":{"footnotes":""},"class_list":["post-801","page","type-page","status-publish","hentry"],"aioseo_notices":[],"_links":{"self":[{"href":"https:\/\/www.mariajesusalonso.com\/en\/wp-json\/wp\/v2\/pages\/801","targetHints":{"allow":["GET"]}}],"collection":[{"href":"https:\/\/www.mariajesusalonso.com\/en\/wp-json\/wp\/v2\/pages"}],"about":[{"href":"https:\/\/www.mariajesusalonso.com\/en\/wp-json\/wp\/v2\/types\/page"}],"author":[{"embeddable":true,"href":"https:\/\/www.mariajesusalonso.com\/en\/wp-json\/wp\/v2\/users\/1"}],"replies":[{"embeddable":true,"href":"https:\/\/www.mariajesusalonso.com\/en\/wp-json\/wp\/v2\/comments?post=801"}],"version-history":[{"count":191,"href":"https:\/\/www.mariajesusalonso.com\/en\/wp-json\/wp\/v2\/pages\/801\/revisions"}],"predecessor-version":[{"id":1710,"href":"https:\/\/www.mariajesusalonso.com\/en\/wp-json\/wp\/v2\/pages\/801\/revisions\/1710"}],"wp:attachment":[{"href":"https:\/\/www.mariajesusalonso.com\/en\/wp-json\/wp\/v2\/media?parent=801"}],"curies":[{"name":"wp","href":"https:\/\/api.w.org\/{rel}","templated":true}]}}