{"id":1421,"date":"2022-10-10T08:06:57","date_gmt":"2022-10-10T08:06:57","guid":{"rendered":"https:\/\/www.mariajesusalonso.com\/?page_id=1421"},"modified":"2024-01-27T09:59:17","modified_gmt":"2024-01-27T09:59:17","slug":"experiencia","status":"publish","type":"page","link":"https:\/\/www.mariajesusalonso.com\/en\/experiencia\/","title":{"rendered":"Experiencia"},"content":{"rendered":"<hr class=\"wp-block-separator has-text-color has-white-color has-alpha-channel-opacity has-white-background-color has-background is-style-default\" id=\"sobre-mi\"\/>\n\n\n\n<hr class=\"wp-block-separator has-text-color has-white-color has-alpha-channel-opacity has-white-background-color has-background is-style-default\" id=\"experiencia-formacion\"\/>\n\n\n\n<section id=\"section-0ad5a155-3066-43bb-a5c7-47eae27f4021\" class=\"wp-block-gutentor-timeline alignwide gutentor-section gutentor-timeline cssanimations timeline-template1 wow animated slideInLeft\" data-wow-animation=\"slideInLeft\" data-wow-iteration=\"1\"><div class=\"grid-container gutentor-rm-ct-space-d\"><div class=\"gutentor-block-header\"><div class=\"gutentor-section-title enable-title-design seperator-bottom text-center\"><h2 class=\"gutentor-title\">Experiencia<\/h2><\/div><\/div><div class=\"gutentor-grid-item-wrap wow animated slideInLeft\" data-wow-animation=\"slideInLeft\" data-wow-iteration=\"1\"><div class=\"gutentor-timeline-wrapper\"><div class=\"gutentor-single-item gutentor-single-item-0 gutentor-even\"><div class=\"gutentor-timeline-item\"><div class=\"gutentor-single-item-wrap\"><div class=\"gutentor-timeline-item-circle\"><\/div><div class=\"gutentor-single-item-wrapper\"><div class=\"gutentor-single-item-content gutentor-timeline-item-content\"><div class=\"gutentor-timeline-item-org-title\"><h5 class=\"gutentor-timeline-item-heading-name\"><img fetchpriority=\"high\" decoding=\"async\" width=\"400\" height=\"275\" class=\"wp-image-1698\" style=\"width: 50px\" src=\"https:\/\/www.mariajesusalonso.com\/wp-content\/uploads\/2024\/01\/Logo__Memora.png\" alt=\"\" srcset=\"https:\/\/www.mariajesusalonso.com\/wp-content\/uploads\/2024\/01\/Logo__Memora.png 400w, https:\/\/www.mariajesusalonso.com\/wp-content\/uploads\/2024\/01\/Logo__Memora-300x206.png 300w, https:\/\/www.mariajesusalonso.com\/wp-content\/uploads\/2024\/01\/Logo__Memora-18x12.png 18w\" sizes=\"(max-width: 400px) 100vw, 400px\" \/><br>M\u00e9mora<\/h5><h5 class=\"gutentor-timeline-item-duration\">Feb 2023 &#8211; actualidad<\/h5><\/div><h3 class=\"gutentor-single-item-title\">Senior Digital Marketing<\/h3><p class=\"gutentor-single-item-desc\"><\/p><\/div><\/div><\/div><\/div><\/div><div class=\"gutentor-single-item gutentor-single-item-1 gutentor-odd\"><div class=\"gutentor-timeline-item\"><div class=\"gutentor-single-item-wrap\"><div class=\"gutentor-timeline-item-circle\"><\/div><div class=\"gutentor-single-item-wrapper\"><div class=\"gutentor-single-item-content gutentor-timeline-item-content\"><div class=\"gutentor-timeline-item-org-title\"><h5 class=\"gutentor-timeline-item-heading-name\"><img decoding=\"async\" width=\"110\" height=\"111\" class=\"wp-image-962 lazyload\" style=\"--smush-placeholder-width: 110px; --smush-placeholder-aspect-ratio: 110\/111;width: 50px\" data-src=\"https:\/\/www.mariajesusalonso.com\/wp-content\/uploads\/2022\/08\/coachability.jpg\" alt=\"Coachability Foundation\" src=\"data:image\/svg+xml;base64,PHN2ZyB3aWR0aD0iMSIgaGVpZ2h0PSIxIiB4bWxucz0iaHR0cDovL3d3dy53My5vcmcvMjAwMC9zdmciPjwvc3ZnPg==\"><br>Coachability Foundation<\/h5><h5 class=\"gutentor-timeline-item-duration\">Jul 2022 &#8211; JUN 2023<br><br><\/h5><\/div><h3 class=\"gutentor-single-item-title\">Marketing (volunteering)<\/h3><p class=\"gutentor-single-item-desc\">Evolution of the use of social networks and the web as a fundraising element.<\/p><\/div><\/div><\/div><\/div><\/div><div class=\"gutentor-single-item gutentor-single-item-2 gutentor-even\"><div class=\"gutentor-timeline-item\"><div class=\"gutentor-single-item-wrap\"><div class=\"gutentor-timeline-item-circle\"><\/div><div class=\"gutentor-single-item-wrapper\"><div class=\"gutentor-single-item-content gutentor-timeline-item-content\"><div class=\"gutentor-timeline-item-org-title\"><h5 class=\"gutentor-timeline-item-heading-name\">                                                                                <a href=\"https:\/\/www.uoc.edu\/portal\/es\/index.html\" target=\"_blank\" rel=\"noreferrer noopener\"><img decoding=\"async\" width=\"243\" height=\"181\" class=\"wp-image-1104 lazyload\" style=\"--smush-placeholder-width: 243px; --smush-placeholder-aspect-ratio: 243\/181;width: 50px\" data-src=\"http:\/\/www.mariajesusalonso.com\/wp-content\/uploads\/2022\/08\/logo-uoc.jpg\" alt=\"\" src=\"data:image\/svg+xml;base64,PHN2ZyB3aWR0aD0iMSIgaGVpZ2h0PSIxIiB4bWxucz0iaHR0cDovL3d3dy53My5vcmcvMjAwMC9zdmciPjwvc3ZnPg==\"><\/a><br>UOC<\/h5><h5 class=\"gutentor-timeline-item-duration\">2009 &#8211; 2022<\/h5><\/div><h3 class=\"gutentor-single-item-title\">Marketing Digital<\/h3><p class=\"gutentor-single-item-desc translation-block\">Design and supervision of the Marketing plan for both Spain and Latam.<br>Control and management of the assigned budget.<br>Development and monitoring of actions through the different defined KPI's.<br>Coordination of the different advertising agencies and stakeholders.<br>Social Media Manager of UOCx and FPjesu\u00eftes.<br>Monitoring the online climate of the brand and managing the actions to be carried out in the event of a crisis.<\/p><\/div><\/div><\/div><\/div><\/div><div class=\"gutentor-single-item gutentor-single-item-3 gutentor-odd\"><div class=\"gutentor-timeline-item\"><div class=\"gutentor-single-item-wrap\"><div class=\"gutentor-timeline-item-circle\"><\/div><div class=\"gutentor-single-item-wrapper\"><div class=\"gutentor-single-item-content gutentor-timeline-item-content\"><div class=\"gutentor-timeline-item-org-title\"><h5 class=\"gutentor-timeline-item-heading-name\"><a href=\"https:\/\/www.bsm.upf.edu\/\" target=\"_blank\" rel=\"noreferrer noopener\"><img decoding=\"async\" width=\"142\" height=\"48\" class=\"wp-image-1116 lazyload\" style=\"--smush-placeholder-width: 142px; --smush-placeholder-aspect-ratio: 142\/48;width: 100px\" data-src=\"http:\/\/www.mariajesusalonso.com\/wp-content\/uploads\/2022\/08\/idec-logo.jpg\" alt=\"\" src=\"data:image\/svg+xml;base64,PHN2ZyB3aWR0aD0iMSIgaGVpZ2h0PSIxIiB4bWxucz0iaHR0cDovL3d3dy53My5vcmcvMjAwMC9zdmciPjwvc3ZnPg==\"><\/a><br>UPF<\/h5><h5 class=\"gutentor-timeline-item-duration\">2010<\/h5><\/div><h3 class=\"gutentor-single-item-title\">Teacher<\/h3><p class=\"gutentor-single-item-desc\">Teaching collaborator of the course \"Corporate Reputation Management\" as an expert in monitoring the online climate of brands.<\/p><\/div><\/div><\/div><\/div><\/div><div class=\"gutentor-single-item gutentor-single-item-4 gutentor-even\"><div class=\"gutentor-timeline-item\"><div class=\"gutentor-single-item-wrap\"><div class=\"gutentor-timeline-item-circle\"><\/div><div class=\"gutentor-single-item-wrapper\"><div class=\"gutentor-single-item-content gutentor-timeline-item-content\"><div class=\"gutentor-timeline-item-org-title\"><h5 class=\"gutentor-timeline-item-heading-name\"><a href=\"https:\/\/www.base.net\/\"><img decoding=\"async\" width=\"108\" height=\"107\" class=\"wp-image-1107 lazyload\" style=\"--smush-placeholder-width: 108px; --smush-placeholder-aspect-ratio: 108\/107;width: 50px\" data-src=\"http:\/\/www.mariajesusalonso.com\/wp-content\/uploads\/2022\/08\/logo-base2.jpg\" alt=\"\" src=\"data:image\/svg+xml;base64,PHN2ZyB3aWR0aD0iMSIgaGVpZ2h0PSIxIiB4bWxucz0iaHR0cDovL3d3dy53My5vcmcvMjAwMC9zdmciPjwvc3ZnPg==\"><\/a><br>base: Detall-sport<\/h5><h5 class=\"gutentor-timeline-item-duration\">2006 &#8211; 2009<\/h5><\/div><h3 class=\"gutentor-single-item-title\">Marketing<\/h3><p class=\"gutentor-single-item-desc translation-block\">Design and supervision of the implementation plan for the brand's presence on the Internet (new website and creation of social spaces).<br>Control of the assigned budget.<br>Management and coordination of the different agencies.<br>Design and supervision of advertising actions at points of sale.<br><\/p><\/div><\/div><\/div><\/div><\/div><div class=\"gutentor-single-item gutentor-single-item-5 gutentor-odd\"><div class=\"gutentor-timeline-item\"><div class=\"gutentor-single-item-wrap\"><div class=\"gutentor-timeline-item-circle\"><\/div><div class=\"gutentor-single-item-wrapper\"><div class=\"gutentor-single-item-content gutentor-timeline-item-content\"><div class=\"gutentor-timeline-item-org-title\"><h5 class=\"gutentor-timeline-item-heading-name\"><img decoding=\"async\" width=\"456\" height=\"110\" class=\"wp-image-1411 lazyload\" style=\"--smush-placeholder-width: 456px; --smush-placeholder-aspect-ratio: 456\/110;width: 100px\" data-src=\"https:\/\/www.mariajesusalonso.com\/wp-content\/uploads\/2022\/10\/burberry-logo.png\" alt=\"\" data-srcset=\"https:\/\/www.mariajesusalonso.com\/wp-content\/uploads\/2022\/10\/burberry-logo.png 456w, https:\/\/www.mariajesusalonso.com\/wp-content\/uploads\/2022\/10\/burberry-logo-300x72.png 300w, https:\/\/www.mariajesusalonso.com\/wp-content\/uploads\/2022\/10\/burberry-logo-18x4.png 18w\" data-sizes=\"(max-width: 456px) 100vw, 456px\" src=\"data:image\/svg+xml;base64,PHN2ZyB3aWR0aD0iMSIgaGVpZ2h0PSIxIiB4bWxucz0iaHR0cDovL3d3dy53My5vcmcvMjAwMC9zdmciPjwvc3ZnPg==\" \/><br>Burberry<\/h5><h5 class=\"gutentor-timeline-item-duration\">2005 &#8211; 2006<\/h5><\/div><h3 class=\"gutentor-single-item-title\">Design Assistant<\/h3><p class=\"gutentor-single-item-desc translation-block\">Contact and coordination with Burberry London to lay the foundations for the textile and accessory collections.<br>Control and management of the collections from start to finish.<\/p><\/div><\/div><\/div><\/div><\/div><div class=\"gutentor-single-item gutentor-single-item-6 gutentor-even\"><div class=\"gutentor-timeline-item\"><div class=\"gutentor-single-item-wrap\"><div class=\"gutentor-timeline-item-circle\"><\/div><div class=\"gutentor-single-item-wrapper\"><div class=\"gutentor-single-item-content gutentor-timeline-item-content\"><div class=\"gutentor-timeline-item-org-title\"><h5 class=\"gutentor-timeline-item-heading-name\"><img decoding=\"async\" width=\"694\" height=\"434\" class=\"wp-image-1403 lazyload\" style=\"--smush-placeholder-width: 694px; --smush-placeholder-aspect-ratio: 694\/434;width: 50px\" data-src=\"https:\/\/www.mariajesusalonso.com\/wp-content\/uploads\/2022\/10\/deutsche-bank-logo.jpg\" alt=\"\" data-srcset=\"https:\/\/www.mariajesusalonso.com\/wp-content\/uploads\/2022\/10\/deutsche-bank-logo.jpg 694w, https:\/\/www.mariajesusalonso.com\/wp-content\/uploads\/2022\/10\/deutsche-bank-logo-300x188.jpg 300w, https:\/\/www.mariajesusalonso.com\/wp-content\/uploads\/2022\/10\/deutsche-bank-logo-18x12.jpg 18w\" data-sizes=\"(max-width: 694px) 100vw, 694px\" src=\"data:image\/svg+xml;base64,PHN2ZyB3aWR0aD0iMSIgaGVpZ2h0PSIxIiB4bWxucz0iaHR0cDovL3d3dy53My5vcmcvMjAwMC9zdmciPjwvc3ZnPg==\" \/><br>Deutsche Bank<\/h5><h5 class=\"gutentor-timeline-item-duration\">2005 &#8211; 2005<\/h5><\/div><h3 class=\"gutentor-single-item-title\">Values Manager<\/h3><p class=\"gutentor-single-item-desc translation-block\">Settlement of national and foreign operations of pcam and institutional clients.<br>Transfers of securities at the national level.<\/p><\/div><\/div><\/div><\/div><\/div><div class=\"gutentor-single-item gutentor-single-item-7 gutentor-odd\"><div class=\"gutentor-timeline-item\"><div class=\"gutentor-single-item-wrap\"><div class=\"gutentor-timeline-item-circle\"><\/div><div class=\"gutentor-single-item-wrapper\"><div class=\"gutentor-single-item-content gutentor-timeline-item-content\"><div class=\"gutentor-timeline-item-org-title\"><h5 class=\"gutentor-timeline-item-heading-name\"><img decoding=\"async\" width=\"161\" height=\"39\" class=\"wp-image-1404 lazyload\" style=\"--smush-placeholder-width: 161px; --smush-placeholder-aspect-ratio: 161\/39;width: 150px\" data-src=\"https:\/\/www.mariajesusalonso.com\/wp-content\/uploads\/2022\/10\/area-financiera-TF.jpg\" alt=\"\" data-srcset=\"https:\/\/www.mariajesusalonso.com\/wp-content\/uploads\/2022\/10\/area-financiera-TF.jpg 161w, https:\/\/www.mariajesusalonso.com\/wp-content\/uploads\/2022\/10\/area-financiera-TF-18x4.jpg 18w\" data-sizes=\"(max-width: 161px) 100vw, 161px\" src=\"data:image\/svg+xml;base64,PHN2ZyB3aWR0aD0iMSIgaGVpZ2h0PSIxIiB4bWxucz0iaHR0cDovL3d3dy53My5vcmcvMjAwMC9zdmciPjwvc3ZnPg==\" \/><br>\u00c1rea Financiera TF<\/h5><h5 class=\"gutentor-timeline-item-duration\">2005 &#8211; 2005<\/h5><\/div><h3 class=\"gutentor-single-item-title\">Acquisition of new clients<\/h3><p class=\"gutentor-single-item-desc translation-block\">Recruitment of new clients offering information on different financial topics (telemarketing).<br>Review of the company's billing.<\/p><\/div><\/div><\/div><\/div><\/div><div class=\"gutentor-single-item gutentor-single-item-8 gutentor-even\"><div class=\"gutentor-timeline-item\"><div class=\"gutentor-single-item-wrap\"><div class=\"gutentor-timeline-item-circle\"><\/div><div class=\"gutentor-single-item-wrapper\"><div class=\"gutentor-single-item-content gutentor-timeline-item-content\"><div class=\"gutentor-timeline-item-org-title\"><h5 class=\"gutentor-timeline-item-heading-name\"><img decoding=\"async\" width=\"300\" height=\"168\" class=\"wp-image-1405 lazyload\" style=\"--smush-placeholder-width: 300px; --smush-placeholder-aspect-ratio: 300\/168;width: 50px\" data-src=\"https:\/\/www.mariajesusalonso.com\/wp-content\/uploads\/2022\/10\/sony.png\" alt=\"\" data-srcset=\"https:\/\/www.mariajesusalonso.com\/wp-content\/uploads\/2022\/10\/sony.png 300w, https:\/\/www.mariajesusalonso.com\/wp-content\/uploads\/2022\/10\/sony-18x10.png 18w\" data-sizes=\"(max-width: 300px) 100vw, 300px\" src=\"data:image\/svg+xml;base64,PHN2ZyB3aWR0aD0iMSIgaGVpZ2h0PSIxIiB4bWxucz0iaHR0cDovL3d3dy53My5vcmcvMjAwMC9zdmciPjwvc3ZnPg==\" \/><br>Sony<\/h5><h5 class=\"gutentor-timeline-item-duration\">2002 &#8211; 2005<\/h5><\/div><h3 class=\"gutentor-single-item-title\">Custom information center<\/h3><p class=\"gutentor-single-item-desc translation-block\">Management and resolution of incidents and\/or claims from the end consumer.<br>Manage claims from official agencies.<\/p><\/div><\/div><\/div><\/div><\/div><div class=\"gutentor-single-item gutentor-single-item-9 gutentor-odd\"><div class=\"gutentor-timeline-item\"><div class=\"gutentor-single-item-wrap\"><div class=\"gutentor-timeline-item-circle\"><\/div><div class=\"gutentor-single-item-wrapper\"><div class=\"gutentor-single-item-content gutentor-timeline-item-content\"><div class=\"gutentor-timeline-item-org-title\"><h5 class=\"gutentor-timeline-item-heading-name\"><img decoding=\"async\" width=\"270\" height=\"121\" class=\"wp-image-1406 lazyload\" style=\"--smush-placeholder-width: 270px; --smush-placeholder-aspect-ratio: 270\/121;width: 50px\" data-src=\"https:\/\/www.mariajesusalonso.com\/wp-content\/uploads\/2022\/10\/dir.png\" alt=\"\" data-srcset=\"https:\/\/www.mariajesusalonso.com\/wp-content\/uploads\/2022\/10\/dir.png 270w, https:\/\/www.mariajesusalonso.com\/wp-content\/uploads\/2022\/10\/dir-18x8.png 18w\" data-sizes=\"(max-width: 270px) 100vw, 270px\" src=\"data:image\/svg+xml;base64,PHN2ZyB3aWR0aD0iMSIgaGVpZ2h0PSIxIiB4bWxucz0iaHR0cDovL3d3dy53My5vcmcvMjAwMC9zdmciPjwvc3ZnPg==\" \/><br>DIR<\/h5><h5 class=\"gutentor-timeline-item-duration\">2002 &#8211; 2002<\/h5><\/div><h3 class=\"gutentor-single-item-title\">Public relations<\/h3><p class=\"gutentor-single-item-desc translation-block\">Attention to members of sports clubs.<br>Attracting new members.<\/p><\/div><\/div><\/div><\/div><\/div><div class=\"gutentor-single-item gutentor-single-item-10 gutentor-even\"><div class=\"gutentor-timeline-item\"><div class=\"gutentor-single-item-wrap\"><div class=\"gutentor-timeline-item-circle\"><\/div><div class=\"gutentor-single-item-wrapper\"><div class=\"gutentor-single-item-content gutentor-timeline-item-content\"><div class=\"gutentor-timeline-item-org-title\"><h5 class=\"gutentor-timeline-item-heading-name\"><img decoding=\"async\" width=\"299\" height=\"168\" class=\"wp-image-1407 lazyload\" style=\"--smush-placeholder-width: 299px; --smush-placeholder-aspect-ratio: 299\/168;width: 50px\" data-src=\"https:\/\/www.mariajesusalonso.com\/wp-content\/uploads\/2022\/10\/ECI.png\" alt=\"\" data-srcset=\"https:\/\/www.mariajesusalonso.com\/wp-content\/uploads\/2022\/10\/ECI.png 299w, https:\/\/www.mariajesusalonso.com\/wp-content\/uploads\/2022\/10\/ECI-18x10.png 18w\" data-sizes=\"(max-width: 299px) 100vw, 299px\" src=\"data:image\/svg+xml;base64,PHN2ZyB3aWR0aD0iMSIgaGVpZ2h0PSIxIiB4bWxucz0iaHR0cDovL3d3dy53My5vcmcvMjAwMC9zdmciPjwvc3ZnPg==\" \/><br>El Corte Ingl\u00e9s<\/h5><h5 class=\"gutentor-timeline-item-duration\">2000 &#8211; 2001<\/h5><\/div><h3 class=\"gutentor-single-item-title\">Seller<\/h3><p class=\"gutentor-single-item-desc\"><\/p><\/div><\/div><\/div><\/div><\/div><div class=\"gutentor-single-item gutentor-single-item-11 gutentor-odd\"><div class=\"gutentor-timeline-item\"><div class=\"gutentor-single-item-wrap\"><div class=\"gutentor-timeline-item-circle\"><\/div><div class=\"gutentor-single-item-wrapper\"><div class=\"gutentor-single-item-content gutentor-timeline-item-content\"><div class=\"gutentor-timeline-item-org-title\"><h5 class=\"gutentor-timeline-item-heading-name\"><img decoding=\"async\" width=\"251\" height=\"201\" class=\"wp-image-1408 lazyload\" style=\"--smush-placeholder-width: 251px; --smush-placeholder-aspect-ratio: 251\/201;width: 50px\" data-src=\"https:\/\/www.mariajesusalonso.com\/wp-content\/uploads\/2022\/10\/carrefour.png\" alt=\"\" data-srcset=\"https:\/\/www.mariajesusalonso.com\/wp-content\/uploads\/2022\/10\/carrefour.png 251w, https:\/\/www.mariajesusalonso.com\/wp-content\/uploads\/2022\/10\/carrefour-15x12.png 15w\" data-sizes=\"(max-width: 251px) 100vw, 251px\" src=\"data:image\/svg+xml;base64,PHN2ZyB3aWR0aD0iMSIgaGVpZ2h0PSIxIiB4bWxucz0iaHR0cDovL3d3dy53My5vcmcvMjAwMC9zdmciPjwvc3ZnPg==\" \/><br>Carrefour<\/h5><h5 class=\"gutentor-timeline-item-duration\">1999 &#8211; 2000<\/h5><\/div><h3 class=\"gutentor-single-item-title\">Cashier<\/h3><p class=\"gutentor-single-item-desc\"><\/p><\/div><\/div><\/div><\/div><\/div><\/div><\/div><\/div><\/section>\n\n\n\n<hr class=\"wp-block-separator has-text-color has-white-color has-alpha-channel-opacity has-white-background-color has-background\" id=\"portfolio\"\/>","protected":false},"excerpt":{"rendered":"<p>Experta en marketing y transformaci\u00f3n digital con una s\u00f3lida experiencia en campa\u00f1as publicitarias, identidad digital, direcci\u00f3n de proyectos web.<\/p>","protected":false},"author":1,"featured_media":0,"parent":0,"menu_order":0,"comment_status":"closed","ping_status":"closed","template":"","meta":{"footnotes":""},"class_list":["post-1421","page","type-page","status-publish","hentry"],"aioseo_notices":[],"_links":{"self":[{"href":"https:\/\/www.mariajesusalonso.com\/en\/wp-json\/wp\/v2\/pages\/1421","targetHints":{"allow":["GET"]}}],"collection":[{"href":"https:\/\/www.mariajesusalonso.com\/en\/wp-json\/wp\/v2\/pages"}],"about":[{"href":"https:\/\/www.mariajesusalonso.com\/en\/wp-json\/wp\/v2\/types\/page"}],"author":[{"embeddable":true,"href":"https:\/\/www.mariajesusalonso.com\/en\/wp-json\/wp\/v2\/users\/1"}],"replies":[{"embeddable":true,"href":"https:\/\/www.mariajesusalonso.com\/en\/wp-json\/wp\/v2\/comments?post=1421"}],"version-history":[{"count":3,"href":"https:\/\/www.mariajesusalonso.com\/en\/wp-json\/wp\/v2\/pages\/1421\/revisions"}],"predecessor-version":[{"id":1701,"href":"https:\/\/www.mariajesusalonso.com\/en\/wp-json\/wp\/v2\/pages\/1421\/revisions\/1701"}],"wp:attachment":[{"href":"https:\/\/www.mariajesusalonso.com\/en\/wp-json\/wp\/v2\/media?parent=1421"}],"curies":[{"name":"wp","href":"https:\/\/api.w.org\/{rel}","templated":true}]}}